{"id":67,"date":"2024-07-29T12:37:38","date_gmt":"2024-07-29T09:37:38","guid":{"rendered":"https:\/\/grotesaline.ro\/?page_id=67"},"modified":"2024-10-14T07:43:10","modified_gmt":"2024-10-14T04:43:10","slug":"politica-de-cookie-uri","status":"publish","type":"page","link":"https:\/\/grotesaline.ro\/en\/politica-de-cookie-uri\/","title":{"rendered":"Cookies Policy"},"content":{"rendered":"\n[et_pb_section fb_built=&#8221;1&#8243; theme_builder_area=&#8221;post_content&#8221; _builder_version=&#8221;4.27.0&#8243; _module_preset=&#8221;default&#8221;][et_pb_row _builder_version=&#8221;4.27.0&#8243; _module_preset=&#8221;default&#8221; theme_builder_area=&#8221;post_content&#8221;][et_pb_column _builder_version=&#8221;4.27.0&#8243; _module_preset=&#8221;default&#8221; type=&#8221;4_4&#8243; theme_builder_area=&#8221;post_content&#8221;][et_pb_text _builder_version=&#8221;4.27.0&#8243; _module_preset=&#8221;default&#8221; theme_builder_area=&#8221;post_content&#8221; hover_enabled=&#8221;0&#8243; sticky_enabled=&#8221;0&#8243;]<h1><strong>Politica de Cookie-uri<\/strong><\/h1>\n<ol>\n<li><strong>Politica de utilizare Cookie-uri<\/strong><br \/>Aceast\u0103 politic\u0103 se refer\u0103 la cookie-urile \u0219i paginile web operate de DECORATIVE CONCRETE SRL\u00a0 cu sediul social \u00een Tg Mures, Str. 22 dec 1989, nr 168. (denumit\u0103 \u00een continuare DECORATIVE CONCRETE ).<\/li>\n<\/ol>\n<ol>\n<li><strong>Ce sunt Cookie-urile?<\/strong><br \/>Cookie-ul este un fi\u0219ier de mici dimensiuni, format din litere \u0219i numere, care va fi stocat pe computerul, terminalul mobil sau alte echipamente ale unui utilizator de pe care se acceseaz\u0103 internetul. Cookie-ul este instalat prin solicitarea emis\u0103 de catre un web-server unui browser (ex: Internet Explorer, Chrome) si este complet \u201cpasiv\u201d (nu con\u021bine programe software, viru\u0219i sau spyware \u0219i nu poate accesa informa\u021biile de pe hard driverul utilizatorului).<\/li>\n<\/ol>\n<ol>\n<li><strong>La ce sunt folosite Cookie-urile?<\/strong><br \/>Aceste fi\u0219iere fac posibil\u0103 recunoa\u0219terea terminalului utilizatorului \u0219i prezentarea con\u021binutului \u00eentr-un mod relevant, adaptat preferin\u021belor utilizatorului. Cookie-urile asigur\u0103 utilizatorilor o experien\u021b\u0103 placut\u0103 de navigare \u0219i sus\u021bin eforturile DECORATIVE CONCRETE pentru a oferi servicii comfortabile utilizatorilor: ex: \u2013 preferin\u021bele \u00een materie de confiden\u021bialitate online, co\u0219ul de cump\u0103r\u0103turi sau publicitate relevant\u0103. De asemenea, sunt utilizate \u00een preg\u0103tirea unor statistici anonime agregate care ne ajut\u0103 s\u0103 in\u021belegem cum un utilizator beneficiaz\u0103 de paginile noastre web, permi\u021b\u00e2ndu-ne \u00eembun\u0103t\u0103\u021birea structurii \u0219i con\u021binutului lor, excluz\u00e2nd indentificarea personal\u0103 a utilizatorului.<\/li>\n<\/ol>\n<ol>\n<li><strong>Ce Cookie-uri folosim?<\/strong><br \/>Folosim dou\u0103 tipuri de Cookie-uri: per sesiune \u0219i fixe. Cele din urm\u0103 sunt fi\u0219iere temporare ce r\u0103m\u00e2n \u00een terminalul utilizatorului p\u00e2n\u0103 la terminarea sesiunii sau \u00eenchiderea aplica\u021biei (browser-ului web). Fi\u0219ierele fixe r\u0103m\u00e2n pe terminalul utilizatorului pe o perioad\u0103 \u00een parametrii Cookie-ului sau p\u00e2n\u0103 sunt \u0219terse manual de utilizator.<\/li>\n<\/ol>\n<ol>\n<li><strong>Cum sunt folosite cookie-urile de catre acest site?<\/strong><br \/>O vizit\u0103 pe acest site poate plasa cookie-uri \u00een scopuri de:<\/li>\n<\/ol>\n<ul>\n<li>Cookie-uri de performan\u021b\u0103 a site-ului<\/li>\n<li>Cookie-uri de analiz\u0103 a vizitatorilor<\/li>\n<li>Cookie-uri pentru geotargetting<\/li>\n<li>Cookie-uri de \u00eenregistrare<\/li>\n<li>Cookie-uri pentru publicitate<\/li>\n<li>Cookie-uri ale furnizorilor de publicitate<\/li>\n<\/ul>\n<ol>\n<li><strong>Con\u021bin Cookie-urile date personale?<\/strong><\/li>\n<\/ol>\n<p>Cookie-urile \u00een sine nu solicit\u0103 informa\u021bii cu caracter personal pentru a putea fi utilizate \u0219i, \u00een cele mai multe cazuri, nu identific\u0103 personal utilizatorii de internet. Datele personale colectate prin utilizarea Cookie-urilor pot fi colectate doar pentru a facilita anumite func\u021bionalit\u0103\u021bi pentru utilizator. Atare date sunt criptate \u00eentr-un mod care face imposibil accesul persoanelor neautorizate la ele.<\/p>\n<ol>\n<li><strong>\u0218tergerea Cookie-urilor<\/strong><br \/>\u00cen general, o aplica\u021bie folosit\u0103 pentru accesarea paginilor web permite salvarea Cookie-urilor pe terminal \u00een mod implicit. Aceste set\u0103ri pot fi schimbate \u00een asa fel inc\u00e2t administrarea automat\u0103 a Cookie-urilor s\u0103 fie blocat\u0103 de browser-ul web sau utilizatorul s\u0103 fie informat de fiecare dat\u0103 c\u00e2nd Cookie-uri sunt trimise c\u0103tre terminalul s\u0103u. Informa\u021bii detaliate despre posibilit\u0103\u021bile \u0219i modurile de administrare a Cookie-urilor pot fi g\u0103site \u00een zona de set\u0103ri a aplica\u021biei (browser-ului web). Limitarea folosirii Cookie-urilor poate afecta anumite func\u021bionalit\u0103\u021bi ale paginii web.<\/li>\n<\/ol>\n<ol>\n<li><strong>De ce sunt cookie-urile importante pentru Internet?<\/strong><br \/>Cookie-urile reprezint\u0103 punctul central al func\u021bion\u0103rii eficiente a Internetului, ajut\u00e2nd la generarea unei experien\u021be de navigare prietenoase \u0219i adaptat\u0103 preferin\u021belor \u0219i intereselor fiec\u0103rui utilizator. Refuzarea sau dezactivarea cookie-urilor poate face unele site-uri imposibil de folosit.<br \/>Refuzarea sau dezactivarea cookie-urilor nu \u00eenseamn\u0103 ca nu ve\u021bi mai primi publicitate online \u2013 ci doar c\u0103 aceasta nu va mai putea \u021bine cont de preferin\u021bele \u0219i interesele dvs, eviden\u021biate prin comportamentul de navigare.<br \/>Exemple de \u00eentrebuin\u021b\u0103ri importante ale cookieurilor (care nu necesit\u0103 autentificarea unui utilizator prin intermediul unui cont):<\/li>\n<\/ol>\n<ul>\n<li>Con\u021binut \u0219i servicii adaptate preferin\u021belor utilizatorului \u2013 categorii de produse \u0219i servicii.<\/li>\n<li>Oferte adaptate pe interesele utilizatorilor \u2013 re\u021binerea parolelor.<\/li>\n<li>Re\u021binerea filtrelor de protec\u021bie a copiilor privind con\u021binutul pe Internet (op\u021biuni family mode, func\u021bii de safe search).<\/li>\n<li>Limitarea frecven\u021bei de difuzare a reclamelor \u2013 limitarea num\u0103rului de afi\u0219\u0103ri a unei reclame pentru un anumit utilizator pe un site.<\/li>\n<li>Furnizarea de publicitate mai relevant\u0103 pentru utilizator.<\/li>\n<li>M\u0103surarea, optimizarea \u0219i caracteristicile de analytics \u2013 cum ar fi confirmarea unui anumit nivel de trafic pe un website, ce tip de con\u021binut este vizualizat \u0219i modul cum un utilizator ajunge pe un website (ex prin motoare de c\u0103utare, direct, din alte website-uri etc). Website-urile deruleaz\u0103 aceste analize a utiliz\u0103rii lor pentru a \u00eembun\u0103\u021bi site-urile \u00een beneficiul userilor.<\/li>\n<\/ul>\n<ol>\n<li><strong>Securitate \u0219i probleme legate de confiden\u021bialitate<\/strong><\/li>\n<\/ol>\n<p>Cookieurile NU sunt viru\u0219i! Ele folosesc formate tip plain text. Nu sunt alc\u0103tuite din buc\u0103\u021bi de cod a\u0219a c\u0103 nu pot fi executate nici nu pot auto-rula. \u00cen consecin\u021b\u0103, nu se pot duplica sau replica pe alte retele pentru a se rula sau replica din nou. Deoarece nu pot \u00eendeplini aceste func\u021bii, nu pot fi considerate viru\u0219i.<br \/>Cookie-urile pot fi totu\u0219i folosite pentru scopuri negative. Deoarece stocheaz\u0103 informa\u021bii despre preferin\u021bele \u0219i istoricul de navigare al utilizatorilor, at\u00e2t pe un anume site c\u00e2t \u0219i pe alte siteuri, cookieurile pot fi folosite ca o form\u0103 de Spyware. Multe produse anti-spyware sunt con\u0219tiente de acest fapt \u0219i \u00een mod constant marcheaz\u0103 cookie-urile pentru a fi \u0219terse \u00een cadrul procedurilor de \u0219tergere\/scanare anti-virus\/anti-spyware.<\/p>\n<p>\u00cen general browserele au integrate set\u0103ri de confiden\u021bialitate care furnizeaz\u0103 diferite nivele de acceptare a cookieurilor, perioada de valabilitate \u0219i \u0219tergere automat\u0103 dupa ce utilizatorul a vizitat un anumit site.<\/p>\n<p>Alte aspecte de securitate legate de cookie-uri:<br \/>Deoarece protec\u021bia identit\u0103\u021bii este foarte valoroas\u0103 \u0219i reprezint\u0103 dreptul fiec\u0103rui utilizator de internet, este indicat s\u0103 se \u0219tie ce eventuale probleme pot crea cookieurile. Pentru ca prin intermediul lor se transmit \u00een mod constant \u00een ambele sensuri informa\u021bii \u00eentre browser \u0219i website, dac\u0103 un atacator sau persoan\u0103 neautorizat\u0103 intervine \u00een parcursul de transmitere a datelor, informa\u021biile con\u021binute de cookie pot fi interceptate.<br \/>De\u0219i foarte rar, acest lucru se poate \u00eent\u00e2mpla dac\u0103 browserul se conecteaz\u0103 la server folosind o re\u021bea necriptat\u0103 (ex: o re\u021bea WiFi nesecurizat\u0103).<\/p>\n<p>Alte atacuri bazate pe cookie implic\u0103 set\u0103ri gre\u0219ite ale cookieurilor pe servere. Dac\u0103 un website nu solicit\u0103 browserului s\u0103 foloseasc\u0103 doar canale criptate, atacatorii pot folosi aceast\u0103 vulnerabilitate pentru a p\u0103c\u0103li browserele \u00een a trimite informa\u021bii prin intermediul canalelor nesecurizate. Atacatorii utilizeaz\u0103 apoi informa\u021biile \u00een scopuri de a accesa neautorizat anumite site-uri. Este foarte important s\u0103 fi\u021bi aten\u021bi \u00een alegerea metodei celei mai potrivite de protec\u021bie a informa\u021biilor personale.<\/p>\n<p><strong>Sfaturi pentru o navigare sigur\u0103 \u0219i responsabil\u0103, bazat\u0103 pe cookies.<\/strong><br \/>Datorit\u0103 flexibilit\u0103\u021bii lor \u0219i a faptului c\u0103 majoritatea dintre cele mai vizitate site-uri \u0219i cele mai mari folosesc cookieuri, acestea sunt aproape inevitabile. Dezactivarea cookie-urilor nu v\u0103 permite accesul utilizatorului pe site-urile cele mai r\u0103sp\u00e2ndite \u0219i utilizate printre care YouTube, Gmail, Yahoo \u0219i altele.<br \/>Iat\u0103 c\u00e2teva sfaturi care v\u0103 pot asigura c\u0103 naviga\u021bi f\u0103r\u0103 griji \u00eens\u0103 cu ajutorul cookieurilor:<\/p>\n<ul>\n<li>Particulariza\u021bi-v\u0103 set\u0103rile browserului \u00een ceea ce prive\u0219te cookie-urile pentru a reflecta un nivel confortabil pentru voi al securit\u0103\u021bii utiliz\u0103rii cookie-urilor.<\/li>\n<li>Dac\u0103 nu v\u0103 deranjeaz\u0103 cookie-urile \u0219i sunte\u021bi singura persoan\u0103 care utilizeaz\u0103 computerul, pute\u021bi seta termene lungi de expirare pentru stocarea istoricului de navigare \u0219i al datelor personale de acces.<\/li>\n<li>Daca \u00eemp\u0103r\u021bi\u021bi accesul la calculator, pute\u021bi lua \u00een considerare setarea browserului pentru a \u0219terge datele individuale de navigare de fiecare dat\u0103 cand \u00eenchide\u021bi browserul. Aceasta este o variant\u0103 de a accesa site-urile care plaseaz\u0103 cookieuri \u0219i de a \u0219terge orice informa\u021bie de vizitare la \u00eenchiderea sesiunii navigare.<\/li>\n<li>Instala\u021bi-v\u0103 \u0219i updata\u021bi-v\u0103 constant aplica\u021bii antispyware.<\/li>\n<\/ul>\n<p>Multe dintre aplica\u021biile de detectare \u0219i prevenire a spyware-ului includ detectarea atacurilor pe site-uri. Astfel, impiedic\u0103 browserul de la a accesa website-uri care ar putea s\u0103 exploateze vulnerabilita\u021bile browserului sau s\u0103 descarce software periculos.<br \/>Asigura\u021bi-v\u0103 c\u0103 ave\u021bi browserul mereu updatat.<br \/>Multe dintre atacurile bazate pe cookies se realizeaz\u0103 exploat\u00e2nd punctele slabe ale versiunilor vechi ale browserelor.<\/p>\n<p>Cookie-urile sunt pretutindeni \u0219i nu pot fi evitate daca dori\u021bi s\u0103 v\u0103 bucura\u021bi de acces pe cele mai bune \u0219i cele mai mari site-uri de pe Internet \u2013 locale sau interna\u021bionale. Cu o \u00een\u021belegere clar\u0103 a modului lor de operare \u0219i a beneficiilor pe care le aduc, pute\u021bi lua m\u0103surile necesare de securitate astel \u00eenc\u00e2t s\u0103 pute\u021bi naviga cu \u00eencredere pe internet.<br \/>Dezactivarea \u0219i refuzul de a primi cookie-uri pot face anumite site-uri impracticabile sau dificil de vizitat \u0219i folosit. De asemenea, refuzul de a accepta cookie-uri nu \u00eenseamn\u0103 ca nu ve\u021bi mai primi\/vedea publicitate online.<br \/>Este posibil\u0103 setarea din browser pentru ca aceste cookie-uri s\u0103 nu mai fie acceptate sau po\u021bi seta browserul s\u0103 accepte cookie-uri de la un site anume. Dar, de exemplu, daca nu e\u0219ti \u00eenregistat folosind cookie-urile, nu vei putea l\u0103sa comentarii.<\/p>\n<p>Toate browserele moderne ofer\u0103 posibilitatea de a schimba set\u0103rile cookie-urilor. Aceste set\u0103ri se g\u0103sesc de regul\u0103 \u00een \u201cop\u021biuni\u201d sau \u00een meniul de \u201cpreferin\u021be\u201d al browserului t\u0103u.<br \/>Pentru a \u00een\u021belege aceste set\u0103ri, urm\u0103toarele linkuri pot fi folositoare, altfel pute\u021bi folosi op\u021biunea \u201cajutor\u201d a browserului pentru mai multe detalii.<br \/><a href=\"http:\/\/support.microsoft.com\/kb\/196955\">Cookie settings \u00een Internet Explorer<\/a><br \/><a href=\"https:\/\/support.mozilla.org\/en-US\/kb\/cookies-information-websites-store-on-your-computer?redirectlocale=en-US&amp;redirectslug=Cookies\">Cookie settings \u00een Firefox<\/a><br \/><a href=\"https:\/\/support.google.com\/chrome\/answer\/95647?hl=en\">Cookie settings \u00een Chrome<\/a><br \/><a href=\"http:\/\/support.apple.com\/kb\/PH5042\">Cookie settings \u00een Safari<\/a><br \/>Pentru set\u0103rile cookie-urilor generate de ter\u021bi, pute\u021bi consulta \u0219i site-ul:<br \/><a href=\"http:\/\/www.youronlinechoices.com\/ro\/\">http:\/\/www.youronlinechoices.com\/ro\/<\/a><\/p>\n<p>&nbsp;<\/p>\n<ol>\n<li><strong>Linkuri utile<\/strong><br \/>Dac\u0103 dore\u0219ti s\u0103 afli mai multe informa\u021bii despre cookie-uri \u0219i la ce sunt utilizate, recomand\u0103m urm\u0103toarele linkuri:<br \/><a href=\"http:\/\/www.microsoft.com\/info\/cookies.mspx\">Microsoft Cookies guide<\/a><br \/><a href=\"http:\/\/www.allaboutcookies.org\/\">All About Cookies<\/a><br \/><a href=\"http:\/\/www.youronlinechoices.com\/ro\/\">http:\/\/www.youronlinechoices.com\/ro\/<\/a><\/li>\n<\/ol>[\/et_pb_text][\/et_pb_column][\/et_pb_row][\/et_pb_section]\n","protected":false},"excerpt":{"rendered":"<p>Politica de Cookie-uri Politica de utilizare Cookie-uriAceast\u0103 politic\u0103 se refer\u0103 la cookie-urile \u0219i paginile web operate de DECORATIVE CONCRETE SRL\u00a0 cu sediul social \u00een Tg Mures, Str. 22 dec 1989, nr 168. (denumit\u0103 \u00een continuare DECORATIVE CONCRETE ). Ce sunt Cookie-urile?Cookie-ul este un fi\u0219ier de mici dimensiuni, format din litere \u0219i numere, care va fi [&hellip;]<\/p>\n","protected":false},"author":1,"featured_media":0,"parent":0,"menu_order":0,"comment_status":"closed","ping_status":"closed","template":"","meta":{"_et_pb_use_builder":"on","_et_pb_old_content":"","_et_gb_content_width":"","footnotes":""},"class_list":["post-67","page","type-page","status-publish","hentry"],"yoast_head":"<!-- This site is optimized with the Yoast SEO plugin v27.5 - https:\/\/yoast.com\/product\/yoast-seo-wordpress\/ -->\n<title>Politica de Cookie-uri | Grote saline \u0219i st\u00e2nci decorative<\/title>\n<meta name=\"robots\" content=\"noindex, follow\" \/>\n<meta property=\"og:locale\" content=\"en_GB\" \/>\n<meta property=\"og:type\" content=\"article\" \/>\n<meta property=\"og:title\" content=\"Politica de Cookie-uri | Grote saline \u0219i st\u00e2nci decorative\" \/>\n<meta property=\"og:description\" content=\"Politica de Cookie-uri Politica de utilizare Cookie-uriAceast\u0103 politic\u0103 se refer\u0103 la cookie-urile \u0219i paginile web operate de DECORATIVE CONCRETE SRL\u00a0 cu sediul social \u00een Tg Mures, Str. 22 dec 1989, nr 168. (denumit\u0103 \u00een continuare DECORATIVE CONCRETE ). Ce sunt Cookie-urile?Cookie-ul este un fi\u0219ier de mici dimensiuni, format din litere \u0219i numere, care va fi [&hellip;]\" \/>\n<meta property=\"og:url\" content=\"https:\/\/grotesaline.ro\/en\/politica-de-cookie-uri\/\" \/>\n<meta property=\"og:site_name\" content=\"Grote saline \u0219i st\u00e2nci decorative\" \/>\n<meta property=\"article:modified_time\" content=\"2024-10-14T04:43:10+00:00\" \/>\n<meta name=\"twitter:card\" content=\"summary_large_image\" \/>\n<meta name=\"twitter:label1\" content=\"Estimated reading time\" \/>\n\t<meta name=\"twitter:data1\" content=\"7 minutes\" \/>\n<script type=\"application\/ld+json\" class=\"yoast-schema-graph\">{\"@context\":\"https:\\\/\\\/schema.org\",\"@graph\":[{\"@type\":\"WebPage\",\"@id\":\"https:\\\/\\\/grotesaline.ro\\\/politica-de-cookie-uri\\\/\",\"url\":\"https:\\\/\\\/grotesaline.ro\\\/politica-de-cookie-uri\\\/\",\"name\":\"Politica de Cookie-uri | Grote saline \u0219i st\u00e2nci decorative\",\"isPartOf\":{\"@id\":\"https:\\\/\\\/grotesaline.ro\\\/#website\"},\"datePublished\":\"2024-07-29T09:37:38+00:00\",\"dateModified\":\"2024-10-14T04:43:10+00:00\",\"breadcrumb\":{\"@id\":\"https:\\\/\\\/grotesaline.ro\\\/politica-de-cookie-uri\\\/#breadcrumb\"},\"inLanguage\":\"en-GB\",\"potentialAction\":[{\"@type\":\"ReadAction\",\"target\":[\"https:\\\/\\\/grotesaline.ro\\\/politica-de-cookie-uri\\\/\"]}]},{\"@type\":\"BreadcrumbList\",\"@id\":\"https:\\\/\\\/grotesaline.ro\\\/politica-de-cookie-uri\\\/#breadcrumb\",\"itemListElement\":[{\"@type\":\"ListItem\",\"position\":1,\"name\":\"Home\",\"item\":\"https:\\\/\\\/grotesaline.ro\\\/\"},{\"@type\":\"ListItem\",\"position\":2,\"name\":\"Politica de Cookie-uri\"}]},{\"@type\":\"WebSite\",\"@id\":\"https:\\\/\\\/grotesaline.ro\\\/#website\",\"url\":\"https:\\\/\\\/grotesaline.ro\\\/\",\"name\":\"Grote saline \u0219i st\u00e2nci decorative\",\"description\":\"Realiz\u0103m grote saline \u0219i st\u00e2nci decorative unicat \u00een Rom\u00e2nia sau \u00een Europa.. Contact +40 748 866 551\",\"publisher\":{\"@id\":\"https:\\\/\\\/grotesaline.ro\\\/#organization\"},\"alternateName\":\"Realiz\u0103m grote saline \u0219i st\u00e2nci decorative unicat \u00een Rom\u00e2nia sau \u00een Europa. Contact +40 748 866 551\",\"potentialAction\":[{\"@type\":\"SearchAction\",\"target\":{\"@type\":\"EntryPoint\",\"urlTemplate\":\"https:\\\/\\\/grotesaline.ro\\\/?s={search_term_string}\"},\"query-input\":{\"@type\":\"PropertyValueSpecification\",\"valueRequired\":true,\"valueName\":\"search_term_string\"}}],\"inLanguage\":\"en-GB\"},{\"@type\":\"Organization\",\"@id\":\"https:\\\/\\\/grotesaline.ro\\\/#organization\",\"name\":\"Grote saline \u0219i st\u00e2nci decorative\",\"url\":\"https:\\\/\\\/grotesaline.ro\\\/\",\"logo\":{\"@type\":\"ImageObject\",\"inLanguage\":\"en-GB\",\"@id\":\"https:\\\/\\\/grotesaline.ro\\\/#\\\/schema\\\/logo\\\/image\\\/\",\"url\":\"https:\\\/\\\/grotesaline.ro\\\/wp-content\\\/uploads\\\/2024\\\/07\\\/logo-stone-art-patrat-negru.png\",\"contentUrl\":\"https:\\\/\\\/grotesaline.ro\\\/wp-content\\\/uploads\\\/2024\\\/07\\\/logo-stone-art-patrat-negru.png\",\"width\":1080,\"height\":1080,\"caption\":\"Grote saline \u0219i st\u00e2nci decorative\"},\"image\":{\"@id\":\"https:\\\/\\\/grotesaline.ro\\\/#\\\/schema\\\/logo\\\/image\\\/\"}}]}<\/script>\n<!-- \/ Yoast SEO plugin. -->","yoast_head_json":{"title":"Politica de Cookie-uri | Grote saline \u0219i st\u00e2nci decorative","robots":{"index":"noindex","follow":"follow"},"og_locale":"en_GB","og_type":"article","og_title":"Politica de Cookie-uri | Grote saline \u0219i st\u00e2nci decorative","og_description":"Politica de Cookie-uri Politica de utilizare Cookie-uriAceast\u0103 politic\u0103 se refer\u0103 la cookie-urile \u0219i paginile web operate de DECORATIVE CONCRETE SRL\u00a0 cu sediul social \u00een Tg Mures, Str. 22 dec 1989, nr 168. (denumit\u0103 \u00een continuare DECORATIVE CONCRETE ). Ce sunt Cookie-urile?Cookie-ul este un fi\u0219ier de mici dimensiuni, format din litere \u0219i numere, care va fi [&hellip;]","og_url":"https:\/\/grotesaline.ro\/en\/politica-de-cookie-uri\/","og_site_name":"Grote saline \u0219i st\u00e2nci decorative","article_modified_time":"2024-10-14T04:43:10+00:00","twitter_card":"summary_large_image","twitter_misc":{"Estimated reading time":"7 minutes"},"schema":{"@context":"https:\/\/schema.org","@graph":[{"@type":"WebPage","@id":"https:\/\/grotesaline.ro\/politica-de-cookie-uri\/","url":"https:\/\/grotesaline.ro\/politica-de-cookie-uri\/","name":"Politica de Cookie-uri | Grote saline \u0219i st\u00e2nci decorative","isPartOf":{"@id":"https:\/\/grotesaline.ro\/#website"},"datePublished":"2024-07-29T09:37:38+00:00","dateModified":"2024-10-14T04:43:10+00:00","breadcrumb":{"@id":"https:\/\/grotesaline.ro\/politica-de-cookie-uri\/#breadcrumb"},"inLanguage":"en-GB","potentialAction":[{"@type":"ReadAction","target":["https:\/\/grotesaline.ro\/politica-de-cookie-uri\/"]}]},{"@type":"BreadcrumbList","@id":"https:\/\/grotesaline.ro\/politica-de-cookie-uri\/#breadcrumb","itemListElement":[{"@type":"ListItem","position":1,"name":"Home","item":"https:\/\/grotesaline.ro\/"},{"@type":"ListItem","position":2,"name":"Politica de Cookie-uri"}]},{"@type":"WebSite","@id":"https:\/\/grotesaline.ro\/#website","url":"https:\/\/grotesaline.ro\/","name":"Salt caves and decorative stones","description":"Realiz\u0103m grote saline \u0219i st\u00e2nci decorative unicat \u00een Rom\u00e2nia sau \u00een Europa.. Contact +40 748 866 551","publisher":{"@id":"https:\/\/grotesaline.ro\/#organization"},"alternateName":"Realiz\u0103m grote saline \u0219i st\u00e2nci decorative unicat \u00een Rom\u00e2nia sau \u00een Europa. Contact +40 748 866 551","potentialAction":[{"@type":"SearchAction","target":{"@type":"EntryPoint","urlTemplate":"https:\/\/grotesaline.ro\/?s={search_term_string}"},"query-input":{"@type":"PropertyValueSpecification","valueRequired":true,"valueName":"search_term_string"}}],"inLanguage":"en-GB"},{"@type":"Organization","@id":"https:\/\/grotesaline.ro\/#organization","name":"Salt caves and decorative stones","url":"https:\/\/grotesaline.ro\/","logo":{"@type":"ImageObject","inLanguage":"en-GB","@id":"https:\/\/grotesaline.ro\/#\/schema\/logo\/image\/","url":"https:\/\/grotesaline.ro\/wp-content\/uploads\/2024\/07\/logo-stone-art-patrat-negru.png","contentUrl":"https:\/\/grotesaline.ro\/wp-content\/uploads\/2024\/07\/logo-stone-art-patrat-negru.png","width":1080,"height":1080,"caption":"Grote saline \u0219i st\u00e2nci decorative"},"image":{"@id":"https:\/\/grotesaline.ro\/#\/schema\/logo\/image\/"}}]}},"_links":{"self":[{"href":"https:\/\/grotesaline.ro\/en\/wp-json\/wp\/v2\/pages\/67","targetHints":{"allow":["GET"]}}],"collection":[{"href":"https:\/\/grotesaline.ro\/en\/wp-json\/wp\/v2\/pages"}],"about":[{"href":"https:\/\/grotesaline.ro\/en\/wp-json\/wp\/v2\/types\/page"}],"author":[{"embeddable":true,"href":"https:\/\/grotesaline.ro\/en\/wp-json\/wp\/v2\/users\/1"}],"replies":[{"embeddable":true,"href":"https:\/\/grotesaline.ro\/en\/wp-json\/wp\/v2\/comments?post=67"}],"version-history":[{"count":4,"href":"https:\/\/grotesaline.ro\/en\/wp-json\/wp\/v2\/pages\/67\/revisions"}],"predecessor-version":[{"id":209781,"href":"https:\/\/grotesaline.ro\/en\/wp-json\/wp\/v2\/pages\/67\/revisions\/209781"}],"wp:attachment":[{"href":"https:\/\/grotesaline.ro\/en\/wp-json\/wp\/v2\/media?parent=67"}],"curies":[{"name":"wp","href":"https:\/\/api.w.org\/{rel}","templated":true}]}}