{"id":19,"date":"2024-07-29T08:58:20","date_gmt":"2024-07-29T05:58:20","guid":{"rendered":"https:\/\/grotesaline.ro\/?page_id=19"},"modified":"2024-07-29T08:58:20","modified_gmt":"2024-07-29T05:58:20","slug":"portofoliu","status":"publish","type":"page","link":"https:\/\/grotesaline.ro\/en\/portofoliu\/","title":{"rendered":"Portfolio"},"content":{"rendered":"","protected":false},"excerpt":{"rendered":"","protected":false},"author":1,"featured_media":0,"parent":0,"menu_order":0,"comment_status":"closed","ping_status":"closed","template":"","meta":{"_et_pb_use_builder":"","_et_pb_old_content":"","_et_gb_content_width":"","footnotes":""},"class_list":["post-19","page","type-page","status-publish","hentry"],"yoast_head":"<!-- This site is optimized with the Yoast SEO plugin v27.5 - https:\/\/yoast.com\/product\/yoast-seo-wordpress\/ -->\n<title>PORTOFOLIU | Grote saline \u0219i st\u00e2nci decorative<\/title>\n<meta name=\"robots\" content=\"index, follow, max-snippet:-1, max-image-preview:large, max-video-preview:-1\" \/>\n<link rel=\"canonical\" href=\"https:\/\/grotesaline.ro\/en\/portofoliu\/\" \/>\n<meta property=\"og:locale\" content=\"en_GB\" \/>\n<meta property=\"og:type\" content=\"article\" \/>\n<meta property=\"og:title\" content=\"PORTOFOLIU | Grote saline \u0219i st\u00e2nci decorative\" \/>\n<meta property=\"og:url\" content=\"https:\/\/grotesaline.ro\/en\/portofoliu\/\" \/>\n<meta property=\"og:site_name\" content=\"Grote saline \u0219i st\u00e2nci decorative\" \/>\n<meta name=\"twitter:card\" content=\"summary_large_image\" \/>\n<script type=\"application\/ld+json\" class=\"yoast-schema-graph\">{\"@context\":\"https:\\\/\\\/schema.org\",\"@graph\":[{\"@type\":\"WebPage\",\"@id\":\"https:\\\/\\\/grotesaline.ro\\\/portofoliu\\\/\",\"url\":\"https:\\\/\\\/grotesaline.ro\\\/portofoliu\\\/\",\"name\":\"PORTOFOLIU | Grote saline \u0219i st\u00e2nci decorative\",\"isPartOf\":{\"@id\":\"https:\\\/\\\/grotesaline.ro\\\/#website\"},\"datePublished\":\"2024-07-29T05:58:20+00:00\",\"breadcrumb\":{\"@id\":\"https:\\\/\\\/grotesaline.ro\\\/portofoliu\\\/#breadcrumb\"},\"inLanguage\":\"en-GB\",\"potentialAction\":[{\"@type\":\"ReadAction\",\"target\":[\"https:\\\/\\\/grotesaline.ro\\\/portofoliu\\\/\"]}]},{\"@type\":\"BreadcrumbList\",\"@id\":\"https:\\\/\\\/grotesaline.ro\\\/portofoliu\\\/#breadcrumb\",\"itemListElement\":[{\"@type\":\"ListItem\",\"position\":1,\"name\":\"Home\",\"item\":\"https:\\\/\\\/grotesaline.ro\\\/\"},{\"@type\":\"ListItem\",\"position\":2,\"name\":\"PORTOFOLIU\"}]},{\"@type\":\"WebSite\",\"@id\":\"https:\\\/\\\/grotesaline.ro\\\/#website\",\"url\":\"https:\\\/\\\/grotesaline.ro\\\/\",\"name\":\"Grote saline \u0219i st\u00e2nci decorative\",\"description\":\"Realiz\u0103m grote saline \u0219i st\u00e2nci decorative unicat \u00een Rom\u00e2nia sau \u00een Europa.. Contact +40 748 866 551\",\"publisher\":{\"@id\":\"https:\\\/\\\/grotesaline.ro\\\/#organization\"},\"alternateName\":\"Realiz\u0103m grote saline \u0219i st\u00e2nci decorative unicat \u00een Rom\u00e2nia sau \u00een Europa. Contact +40 748 866 551\",\"potentialAction\":[{\"@type\":\"SearchAction\",\"target\":{\"@type\":\"EntryPoint\",\"urlTemplate\":\"https:\\\/\\\/grotesaline.ro\\\/?s={search_term_string}\"},\"query-input\":{\"@type\":\"PropertyValueSpecification\",\"valueRequired\":true,\"valueName\":\"search_term_string\"}}],\"inLanguage\":\"en-GB\"},{\"@type\":\"Organization\",\"@id\":\"https:\\\/\\\/grotesaline.ro\\\/#organization\",\"name\":\"Grote saline \u0219i st\u00e2nci decorative\",\"url\":\"https:\\\/\\\/grotesaline.ro\\\/\",\"logo\":{\"@type\":\"ImageObject\",\"inLanguage\":\"en-GB\",\"@id\":\"https:\\\/\\\/grotesaline.ro\\\/#\\\/schema\\\/logo\\\/image\\\/\",\"url\":\"https:\\\/\\\/grotesaline.ro\\\/wp-content\\\/uploads\\\/2024\\\/07\\\/logo-stone-art-patrat-negru.png\",\"contentUrl\":\"https:\\\/\\\/grotesaline.ro\\\/wp-content\\\/uploads\\\/2024\\\/07\\\/logo-stone-art-patrat-negru.png\",\"width\":1080,\"height\":1080,\"caption\":\"Grote saline \u0219i st\u00e2nci decorative\"},\"image\":{\"@id\":\"https:\\\/\\\/grotesaline.ro\\\/#\\\/schema\\\/logo\\\/image\\\/\"}}]}<\/script>\n<!-- \/ Yoast SEO plugin. -->","yoast_head_json":{"title":"PORTOFOLIU | Grote saline \u0219i st\u00e2nci decorative","robots":{"index":"index","follow":"follow","max-snippet":"max-snippet:-1","max-image-preview":"max-image-preview:large","max-video-preview":"max-video-preview:-1"},"canonical":"https:\/\/grotesaline.ro\/en\/portofoliu\/","og_locale":"en_GB","og_type":"article","og_title":"PORTOFOLIU | Grote saline \u0219i st\u00e2nci decorative","og_url":"https:\/\/grotesaline.ro\/en\/portofoliu\/","og_site_name":"Grote saline \u0219i st\u00e2nci decorative","twitter_card":"summary_large_image","schema":{"@context":"https:\/\/schema.org","@graph":[{"@type":"WebPage","@id":"https:\/\/grotesaline.ro\/portofoliu\/","url":"https:\/\/grotesaline.ro\/portofoliu\/","name":"PORTOFOLIU | Grote saline \u0219i st\u00e2nci decorative","isPartOf":{"@id":"https:\/\/grotesaline.ro\/#website"},"datePublished":"2024-07-29T05:58:20+00:00","breadcrumb":{"@id":"https:\/\/grotesaline.ro\/portofoliu\/#breadcrumb"},"inLanguage":"en-GB","potentialAction":[{"@type":"ReadAction","target":["https:\/\/grotesaline.ro\/portofoliu\/"]}]},{"@type":"BreadcrumbList","@id":"https:\/\/grotesaline.ro\/portofoliu\/#breadcrumb","itemListElement":[{"@type":"ListItem","position":1,"name":"Home","item":"https:\/\/grotesaline.ro\/"},{"@type":"ListItem","position":2,"name":"PORTOFOLIU"}]},{"@type":"WebSite","@id":"https:\/\/grotesaline.ro\/#website","url":"https:\/\/grotesaline.ro\/","name":"Salt caves and decorative stones","description":"Realiz\u0103m grote saline \u0219i st\u00e2nci decorative unicat \u00een Rom\u00e2nia sau \u00een Europa.. Contact +40 748 866 551","publisher":{"@id":"https:\/\/grotesaline.ro\/#organization"},"alternateName":"Realiz\u0103m grote saline \u0219i st\u00e2nci decorative unicat \u00een Rom\u00e2nia sau \u00een Europa. Contact +40 748 866 551","potentialAction":[{"@type":"SearchAction","target":{"@type":"EntryPoint","urlTemplate":"https:\/\/grotesaline.ro\/?s={search_term_string}"},"query-input":{"@type":"PropertyValueSpecification","valueRequired":true,"valueName":"search_term_string"}}],"inLanguage":"en-GB"},{"@type":"Organization","@id":"https:\/\/grotesaline.ro\/#organization","name":"Salt caves and decorative stones","url":"https:\/\/grotesaline.ro\/","logo":{"@type":"ImageObject","inLanguage":"en-GB","@id":"https:\/\/grotesaline.ro\/#\/schema\/logo\/image\/","url":"https:\/\/grotesaline.ro\/wp-content\/uploads\/2024\/07\/logo-stone-art-patrat-negru.png","contentUrl":"https:\/\/grotesaline.ro\/wp-content\/uploads\/2024\/07\/logo-stone-art-patrat-negru.png","width":1080,"height":1080,"caption":"Grote saline \u0219i st\u00e2nci decorative"},"image":{"@id":"https:\/\/grotesaline.ro\/#\/schema\/logo\/image\/"}}]}},"_links":{"self":[{"href":"https:\/\/grotesaline.ro\/en\/wp-json\/wp\/v2\/pages\/19","targetHints":{"allow":["GET"]}}],"collection":[{"href":"https:\/\/grotesaline.ro\/en\/wp-json\/wp\/v2\/pages"}],"about":[{"href":"https:\/\/grotesaline.ro\/en\/wp-json\/wp\/v2\/types\/page"}],"author":[{"embeddable":true,"href":"https:\/\/grotesaline.ro\/en\/wp-json\/wp\/v2\/users\/1"}],"replies":[{"embeddable":true,"href":"https:\/\/grotesaline.ro\/en\/wp-json\/wp\/v2\/comments?post=19"}],"version-history":[{"count":1,"href":"https:\/\/grotesaline.ro\/en\/wp-json\/wp\/v2\/pages\/19\/revisions"}],"predecessor-version":[{"id":23,"href":"https:\/\/grotesaline.ro\/en\/wp-json\/wp\/v2\/pages\/19\/revisions\/23"}],"wp:attachment":[{"href":"https:\/\/grotesaline.ro\/en\/wp-json\/wp\/v2\/media?parent=19"}],"curies":[{"name":"wp","href":"https:\/\/api.w.org\/{rel}","templated":true}]}}